{"id":7501,"date":"2017-04-24T17:42:34","date_gmt":"2017-04-24T17:42:34","guid":{"rendered":"http:\/\/www.hoodtheme.com\/?page_id=7501"},"modified":"2021-08-26T18:08:00","modified_gmt":"2021-08-26T18:08:00","slug":"contact","status":"publish","type":"page","link":"https:\/\/www.komornik.lubin.pl\/?page_id=7501","title":{"rendered":"kontakt"},"content":{"rendered":"<p>[vc_row css=&#8221;.vc_custom_1472564633924{margin-top: -30px !important;}&#8221;][vc_column width=&#8221;1\/2&#8243; css=&#8221;.vc_custom_1584298856889{margin-top: 40px !important;padding-top: 72px !important;padding-right: 40px !important;padding-bottom: 72px !important;padding-left: 40px !important;background-position: 0 0 !important;background-repeat: no-repeat !important;border-radius: 10px !important;}&#8221;][vc_column_text]<\/p>\n<p style=\"text-align: left;\"><span style=\"color: #000000;\"><strong>Adres: ul. Odrodzenia 16\/2, 59-300 Lubin<\/strong><\/span><\/p>\n<p style=\"text-align: left;\"><span style=\"color: #000000;\"><strong>kancelaria czynna jest od poniedzia\u0142ku do pi\u0105tku<\/strong><\/span><\/p>\n<p style=\"text-align: left;\"><span style=\"color: #000000;\"><strong>od godziny 7.30 do 15.30<\/strong><\/span><\/p>\n<p style=\"text-align: left;\"><span style=\"color: #000000;\"><strong>komornik przyjmuje strony w poniedzia\u0142ki od 10.00 do 14.00<\/strong><\/span><\/p>\n<p style=\"text-align: left;\"><span style=\"color: #000000;\"><strong>Email: lubin3@komornik.pl<\/strong><\/span><\/p>\n<p style=\"text-align: left;\"><span style=\"color: #000000;\"><strong>Telefon: 76 841 51 00<\/strong><\/span><\/p>\n<p style=\"text-align: left;\"><span style=\"color: #000000;\"><strong>rachunek bankowy: PKO BP S.A. I o w Legnicy<\/strong><br \/>\n<strong>nr 11 102030170000210201575513<\/strong><\/span><\/p>\n<p><span style=\"color: #000000;\"><strong>\u00a0<\/strong><\/span>[\/vc_column_text][\/vc_column][\/vc_row][vc_row][vc_column][vc_empty_space][\/vc_column][\/vc_row][vc_row][vc_column][vc_gmaps link=&#8221;#E-8_JTNDaWZyYW1lJTIwc3JjJTNEJTIyaHR0cHMlM0ElMkYlMkZ3d3cuZ29vZ2xlLmNvbSUyRm1hcHMlMkZlbWJlZCUzRnBiJTNEJTIxMW0xOCUyMTFtMTIlMjExbTMlMjExZDQ5NzguNjkxMTQ5NjUyNjQ1JTIxMmQxNi4xOTg5MTAzNzgxNzc3MyUyMTNkNTEuMzk2NzA0NzE4NDY4MzElMjEybTMlMjExZjAlMjEyZjAlMjEzZjAlMjEzbTIlMjExaTEwMjQlMjEyaTc2OCUyMTRmMTMuMSUyMTNtMyUyMTFtMiUyMTFzMHg0NzBmNmY2NjBmZjE1NDJiJTI1M0EweGE3ZGM0Zjk1ODlkZTg3ODIlMjEyc0tvbW9ybmlrJTJCUyUyNUM0JTI1ODVkb3d5JTJCcHJ6eSUyQlMlMjVDNCUyNTg1ZHppZSUyQlJlam9ub3d5bSUyQnclMkJMdWJpbmllJTJCTWFjaWVqJTJCS293YWxjenlrJTIxNWUwJTIxM20yJTIxMXNwbCUyMTJzcGwlMjE0djE1NjU0NjY1MDU2OTAlMjE1bTIlMjExc3BsJTIxMnNwbCUyMiUyMHdpZHRoJTNEJTIyNjAwJTIyJTIwaGVpZ2h0JTNEJTIyNDUwJTIyJTIwZnJhbWVib3JkZXIlM0QlMjIwJTIyJTIwc3R5bGUlM0QlMjJib3JkZXIlM0EwJTIyJTIwYWxsb3dmdWxsc2NyZWVuJTNFJTNDJTJGaWZyYW1lJTNF&#8221;][\/vc_column][\/vc_row]<\/p>\n","protected":false},"excerpt":{"rendered":"<p>[vc_row css=&#8221;.vc_custom_1472564633924{margin-top: -30px !important;}&#8221;][vc_column width=&#8221;1\/2&#8243; css=&#8221;.vc_custom_1584298856889{margin-top: 40px !important;padding-top: 72px !important;padding-right: 40px !important;padding-bottom: 72px !important;padding-left: 40px !important;background-position: 0 0 !important;background-repeat: no-repeat !important;border-radius: 10px !important;}&#8221;][vc_column_text] Adres: ul. Odrodzenia 16\/2, 59-300 Lubin kancelaria czynna jest od poniedzia\u0142ku do pi\u0105tku od godziny 7.30 do 15.30 komornik przyjmuje strony w poniedzia\u0142ki od 10.00 do 14.00 Email: lubin3@komornik.pl Telefon: 76 841<\/p>\n","protected":false},"author":1,"featured_media":0,"parent":0,"menu_order":0,"comment_status":"closed","ping_status":"closed","template":"","meta":{"_monsterinsights_skip_tracking":false,"_monsterinsights_sitenote_active":false,"_monsterinsights_sitenote_note":"","_monsterinsights_sitenote_category":0,"footnotes":""},"class_list":["post-7501","page","type-page","status-publish","hentry"],"_links":{"self":[{"href":"https:\/\/www.komornik.lubin.pl\/index.php?rest_route=\/wp\/v2\/pages\/7501","targetHints":{"allow":["GET"]}}],"collection":[{"href":"https:\/\/www.komornik.lubin.pl\/index.php?rest_route=\/wp\/v2\/pages"}],"about":[{"href":"https:\/\/www.komornik.lubin.pl\/index.php?rest_route=\/wp\/v2\/types\/page"}],"author":[{"embeddable":true,"href":"https:\/\/www.komornik.lubin.pl\/index.php?rest_route=\/wp\/v2\/users\/1"}],"replies":[{"embeddable":true,"href":"https:\/\/www.komornik.lubin.pl\/index.php?rest_route=%2Fwp%2Fv2%2Fcomments&post=7501"}],"version-history":[{"count":43,"href":"https:\/\/www.komornik.lubin.pl\/index.php?rest_route=\/wp\/v2\/pages\/7501\/revisions"}],"predecessor-version":[{"id":31906,"href":"https:\/\/www.komornik.lubin.pl\/index.php?rest_route=\/wp\/v2\/pages\/7501\/revisions\/31906"}],"wp:attachment":[{"href":"https:\/\/www.komornik.lubin.pl\/index.php?rest_route=%2Fwp%2Fv2%2Fmedia&parent=7501"}],"curies":[{"name":"wp","href":"https:\/\/api.w.org\/{rel}","templated":true}]}}