{"id":24766,"date":"2017-04-29T23:15:42","date_gmt":"2017-04-29T23:15:42","guid":{"rendered":"http:\/\/www.mfdsgn.com\/mfd\/?page_id=24766"},"modified":"2021-04-30T08:31:36","modified_gmt":"2021-04-30T08:31:36","slug":"services","status":"publish","type":"page","link":"https:\/\/www.komornik.lubin.pl\/?page_id=24766","title":{"rendered":"Formularze"},"content":{"rendered":"<p>[vc_row bg_type=&#8221;bg_color&#8221; bg_override=&#8221;full&#8221; animation_type=&#8221;h&#8221; horizontal_animation=&#8221;left-animation&#8221; vertical_animation=&#8221;top-animation&#8221; padding_top=&#8221;60px&#8221;][vc_column width=&#8221;1\/2&#8243;]<div data-id=\"mpc_callout-6569deca84bd103\" class=\"mpc-callout mpc-init mpc-callout--style_3 \" ><div class=\"mpc-callout__icon-wrap mpc-icon--image\"><div class=\"mpc-callout__icon\"><i class=\"mpc-transition \"><\/i><\/div><\/div><div class=\"mpc-callout__content\"><div data-id=\"mpc_divider-1269deca84bd173\" class=\"mpc-divider-wrap\"><div class=\"mpc-divider mpc-init mpc-align--center mpc-disable--left \" ><div class=\"mpc-divider__line mpc-side--left\"><span><\/span><\/div><div class=\"mpc-divider__line mpc-side--right\"><span><\/span><\/div><\/div><\/div><h3 class=\"mpc-callout__heading mpc-typography--default\">WNIOSEK EGZEKUCYJNY<\/h3><div class=\"mpc-callout__description\"><p><strong>Art. 776.<\/strong>\u00a0<strong>kpc<\/strong>: Podstaw\u0105 egzekucji jest tytu\u0142 wykonawczy. Tytu\u0142em wykonawczym jest tytu\u0142 egzekucyjny zaopatrzony w klauzul\u0119 wykonalno\u015bci, chyba \u017ce ustawa stanowi inaczej.<\/p>\n<p><strong>Art. 796.\u00a0\u00a7 1 kpc:\u00a0<\/strong>Wniosek o wszcz\u0119cie egzekucji sk\u0142ada si\u0119 stosownie do w\u0142a\u015bciwo\u015bci s\u0105dowi lub komornikowi. Wniosek sk\u0142adany komornikowi mo\u017ce by\u0107 z\u0142o\u017cony na urz\u0119dowym formularzu.<\/p>\n<p><strong>Art. 797.<\/strong>\u00a0<strong>\u00a7 1 kpc:\u00a0<\/strong>We wniosku o wszcz\u0119cie egzekucji lub \u017c\u0105daniu przeprowadzenia egzekucji z urz\u0119du wskazuje si\u0119 \u015bwiadczenie, kt\u00f3re ma by\u0107 spe\u0142nione. Do wniosku lub \u017c\u0105dania nale\u017cy do\u0142\u0105czy\u0107 tytu\u0142 wykonawczy.<\/p>\n<\/div><\/div><div class=\"mpc-callout__button\"><a href=\"http:\/\/www.komornik.lubin.pl\/wp-content\/uploads\/2019\/07\/wniosek-o-egz.doc\" title=\"Link\"  data-id=\"mpc_button-7069deca84bd14e\" class=\"mpc-button mpc-init mpc-transition \" ><div class=\"mpc-button__content mpc-effect-type--none mpc-effect-side--none\"><span class=\"mpc-button__title mpc-transition\">POBIERZ WNIOSEK<\/span><\/div><div class=\"mpc-button__background mpc-transition mpc-effect-type--slide mpc-effect-side--top\"><\/div><\/a><\/div><\/div>[vc_btn title=&#8221;WNIOSEK ALIMENTACYJNY&#8221; color=&#8221;info&#8221; align=&#8221;center&#8221; css_animation=&#8221;bounceInDown&#8221; link=&#8221;url:http%3A%2F%2Fwww.komornik.lubin.pl%2Fwp-content%2Fuploads%2F2021%2F04%2Fwniosek-egzekucyjny-kmp-1-WZORCOWY.doc|||&#8221;][\/vc_column][vc_column width=&#8221;1\/2&#8243;]<div data-id=\"mpc_callout-3069deca84bd85f\" class=\"mpc-callout mpc-init mpc-callout--style_3 \" ><div class=\"mpc-callout__content\"><div data-id=\"mpc_divider-4569deca84bd8b3\" class=\"mpc-divider-wrap\"><div class=\"mpc-divider mpc-init mpc-align--center mpc-disable--left \" ><div class=\"mpc-divider__line mpc-side--left\"><span><\/span><\/div><div class=\"mpc-divider__line mpc-side--right\"><span><\/span><\/div><\/div><\/div><h3 class=\"mpc-callout__heading mpc-typography--default\">SKARGA<\/h3><div class=\"mpc-callout__description mpc-typography--default\"><p><strong>Art. 767 kpc:<\/strong>\u00a0[Skarga na czynno\u015bci komornika]<br \/>\n\u00a7 1.\u00a0 Na czynno\u015bci komornika przys\u0142uguje skarga do s\u0105du rejonowego, je\u017celi ustawa nie stanowi inaczej. Dotyczy to tak\u017ce zaniechania przez komornika dokonania czynno\u015bci. Skarg\u0119 rozpoznaje s\u0105d w\u0142a\u015bciwy ze wzgl\u0119du na siedzib\u0119 kancelarii komornika.<br \/>\n\u00a7 1[1]. Skarga nie przys\u0142uguje na zarz\u0105dzenie komornika o wezwaniu do usuni\u0119cia brak\u00f3w pisma, na zawiadomienie o terminie czynno\u015bci oraz na uiszczenie przez komornika podatku od towar\u00f3w i us\u0142ug.<br \/>\n\u00a7 2. Skarg\u0119 mo\u017ce z\u0142o\u017cy\u0107 strona lub inna osoba, kt\u00f3rej prawa zosta\u0142y przez czynno\u015bci lub zaniechanie komornika naruszone b\u0105d\u017a zagro\u017cone.<br \/>\n\u00a7 3. Skarga na czynno\u015b\u0107 komornika powinna czyni\u0107 zado\u015b\u0107 wymaganiom pisma procesowego oraz okre\u015bla\u0107 zaskar\u017con\u0105 czynno\u015b\u0107 lub czynno\u015b\u0107, kt\u00f3rej zaniechano, jak r\u00f3wnie\u017c wniosek o zmian\u0119, uchylenie lub dokonanie czynno\u015bci wraz z uzasadnieniem.<\/p>\n<p>\u00a7 3[1]. Skarga mo\u017ce by\u0107 wniesiona na urz\u0119dowym formularzu.<\/p>\n<p>[&#8230;]<\/p>\n<p>\u00a7 5. Skarg\u0119 wnosi si\u0119 do komornika, kt\u00f3ry dokona\u0142 zaskar\u017conej czynno\u015bci lub zaniecha\u0142 jej dokonania. [&#8230;]<\/p>\n<\/div><\/div><div class=\"mpc-callout__button\"><a href=\"http:\/\/www.komornik.lubin.pl\/wp-content\/uploads\/2019\/07\/skarga.odt\" title=\"Link\"  data-id=\"mpc_button-3069deca84bd895\" class=\"mpc-button mpc-init mpc-transition mpc-typography--mpc_preset_20 \" ><div class=\"mpc-button__content mpc-effect-type--none mpc-effect-side--none\"><span class=\"mpc-button__title mpc-transition\">POBIERZ FORMULARZ<\/span><\/div><div class=\"mpc-button__background mpc-transition mpc-effect-type--slide mpc-effect-side--top\"><\/div><\/a><\/div><\/div>[\/vc_column][\/vc_row]<\/p>\n","protected":false},"excerpt":{"rendered":"<p>[vc_row bg_type=&#8221;bg_color&#8221; bg_override=&#8221;full&#8221; animation_type=&#8221;h&#8221; horizontal_animation=&#8221;left-animation&#8221; vertical_animation=&#8221;top-animation&#8221; padding_top=&#8221;60px&#8221;][vc_column width=&#8221;1\/2&#8243;][vc_btn title=&#8221;WNIOSEK ALIMENTACYJNY&#8221; color=&#8221;info&#8221; align=&#8221;center&#8221; css_animation=&#8221;bounceInDown&#8221; link=&#8221;url:http%3A%2F%2Fwww.komornik.lubin.pl%2Fwp-content%2Fuploads%2F2021%2F04%2Fwniosek-egzekucyjny-kmp-1-WZORCOWY.doc|||&#8221;][\/vc_column][vc_column width=&#8221;1\/2&#8243;][\/vc_column][\/vc_row]<\/p>\n","protected":false},"author":1,"featured_media":0,"parent":0,"menu_order":0,"comment_status":"closed","ping_status":"closed","template":"","meta":{"_monsterinsights_skip_tracking":false,"_monsterinsights_sitenote_active":false,"_monsterinsights_sitenote_note":"","_monsterinsights_sitenote_category":0,"footnotes":""},"class_list":["post-24766","page","type-page","status-publish","hentry"],"_links":{"self":[{"href":"https:\/\/www.komornik.lubin.pl\/index.php?rest_route=\/wp\/v2\/pages\/24766","targetHints":{"allow":["GET"]}}],"collection":[{"href":"https:\/\/www.komornik.lubin.pl\/index.php?rest_route=\/wp\/v2\/pages"}],"about":[{"href":"https:\/\/www.komornik.lubin.pl\/index.php?rest_route=\/wp\/v2\/types\/page"}],"author":[{"embeddable":true,"href":"https:\/\/www.komornik.lubin.pl\/index.php?rest_route=\/wp\/v2\/users\/1"}],"replies":[{"embeddable":true,"href":"https:\/\/www.komornik.lubin.pl\/index.php?rest_route=%2Fwp%2Fv2%2Fcomments&post=24766"}],"version-history":[{"count":19,"href":"https:\/\/www.komornik.lubin.pl\/index.php?rest_route=\/wp\/v2\/pages\/24766\/revisions"}],"predecessor-version":[{"id":31903,"href":"https:\/\/www.komornik.lubin.pl\/index.php?rest_route=\/wp\/v2\/pages\/24766\/revisions\/31903"}],"wp:attachment":[{"href":"https:\/\/www.komornik.lubin.pl\/index.php?rest_route=%2Fwp%2Fv2%2Fmedia&parent=24766"}],"curies":[{"name":"wp","href":"https:\/\/api.w.org\/{rel}","templated":true}]}}