{"id":22265,"date":"2017-04-09T00:00:02","date_gmt":"2017-04-09T00:00:02","guid":{"rendered":"http:\/\/www.mfdsgn.com\/mfd\/?page_id=22265"},"modified":"2021-11-22T08:21:27","modified_gmt":"2021-11-22T08:21:27","slug":"quito","status":"publish","type":"page","link":"https:\/\/www.komornik.lubin.pl\/?page_id=22265","title":{"rendered":"licytacje"},"content":{"rendered":"<p>[vc_row][vc_column css=&#8221;.vc_custom_1561924667371{margin-top: 30px !important;}&#8221;][vc_column_text]<span style=\"color: #000000;\">Obwieszczenia o licytacjach\u00a0 s\u0105 umieszczane jedynie na niniejszej stronie internetowej, na stronie\u00a0\u00a0 <a style=\"color: #000000;\" href=\"http:\/\/lubin.sr.gov.pl\/index.php?p=m&amp;idg=mg,202\" target=\"_blank\" rel=\"noopener noreferrer\">S\u0105du Rejonowego w Lubinie<\/a> oraz <a style=\"color: #000000;\" href=\"http:\/\/www.licytacje.komornik.pl\/Home\/Index\" target=\"_blank\" rel=\"noopener noreferrer\">Krajowej Rady Komorniczej<\/a>\u00a0 . Ponadto obwieszczenia o licytacjach wywieszne s\u0105 na tablicy og\u0142osze\u0144 w S\u0105dzie Rejonowym w Lubinie oraz Urz\u0119dach Miasta lub Gminy w\u0142a\u015bciwych ze wzgl\u0119du na miejsce po\u0142o\u017cenia zaj\u0119tego mienia.<\/span><\/p>\n<p><span style=\"color: #000000;\">Warunkiem wzi\u0119cia udzia\u0142u w przetargu jest wp\u0142ata wadium w wysoko\u015bci podanej w obwieszczeniu\u00a0 na dzie\u0144 przed terminem licytacji <strong>wy\u0142\u0105cznie na\u00a0\u00a0rachunek bankowy:<\/strong><\/span><\/p>\n<p><span style=\"color: #000000;\"><strong> PKO BP S.A. I o w Legnicy nr 11 102030170000210201575513 lub got\u00f3wk\u0105 w kancelarii komornika.<\/strong><\/span><\/p>\n<div id=\"Signature\">\n<p>&nbsp;<\/p><\/div>\n<p>[\/vc_column_text][\/vc_column][\/vc_row]<\/p>\n","protected":false},"excerpt":{"rendered":"<p>[vc_row][vc_column css=&#8221;.vc_custom_1561924667371{margin-top: 30px !important;}&#8221;][vc_column_text]Obwieszczenia o licytacjach\u00a0 s\u0105 umieszczane jedynie na niniejszej stronie internetowej, na stronie\u00a0\u00a0 S\u0105du Rejonowego w Lubinie oraz Krajowej Rady Komorniczej\u00a0 . Ponadto obwieszczenia o licytacjach wywieszne s\u0105 na tablicy og\u0142osze\u0144 w S\u0105dzie Rejonowym w Lubinie oraz Urz\u0119dach Miasta lub Gminy w\u0142a\u015bciwych ze wzgl\u0119du na miejsce po\u0142o\u017cenia zaj\u0119tego mienia. Warunkiem wzi\u0119cia udzia\u0142u w<\/p>\n","protected":false},"author":1,"featured_media":0,"parent":0,"menu_order":0,"comment_status":"closed","ping_status":"closed","template":"","meta":{"_monsterinsights_skip_tracking":false,"_monsterinsights_sitenote_active":false,"_monsterinsights_sitenote_note":"","_monsterinsights_sitenote_category":0,"footnotes":""},"class_list":["post-22265","page","type-page","status-publish","hentry"],"_links":{"self":[{"href":"https:\/\/www.komornik.lubin.pl\/index.php?rest_route=\/wp\/v2\/pages\/22265","targetHints":{"allow":["GET"]}}],"collection":[{"href":"https:\/\/www.komornik.lubin.pl\/index.php?rest_route=\/wp\/v2\/pages"}],"about":[{"href":"https:\/\/www.komornik.lubin.pl\/index.php?rest_route=\/wp\/v2\/types\/page"}],"author":[{"embeddable":true,"href":"https:\/\/www.komornik.lubin.pl\/index.php?rest_route=\/wp\/v2\/users\/1"}],"replies":[{"embeddable":true,"href":"https:\/\/www.komornik.lubin.pl\/index.php?rest_route=%2Fwp%2Fv2%2Fcomments&post=22265"}],"version-history":[{"count":78,"href":"https:\/\/www.komornik.lubin.pl\/index.php?rest_route=\/wp\/v2\/pages\/22265\/revisions"}],"predecessor-version":[{"id":31915,"href":"https:\/\/www.komornik.lubin.pl\/index.php?rest_route=\/wp\/v2\/pages\/22265\/revisions\/31915"}],"wp:attachment":[{"href":"https:\/\/www.komornik.lubin.pl\/index.php?rest_route=%2Fwp%2Fv2%2Fmedia&parent=22265"}],"curies":[{"name":"wp","href":"https:\/\/api.w.org\/{rel}","templated":true}]}}